{"id":56,"date":"2021-08-17T12:46:20","date_gmt":"2021-08-17T12:46:20","guid":{"rendered":"https:\/\/primachamp.at\/?page_id=56"},"modified":"2022-01-06T09:21:55","modified_gmt":"2022-01-06T09:21:55","slug":"our-products","status":"publish","type":"page","link":"https:\/\/primachamp.at\/de\/our-products\/","title":{"rendered":"Unsere Produkte"},"content":{"rendered":"<p><img loading=\"lazy\" decoding=\"async\" class=\"alignleft wp-image-174 size-thumbnail\" src=\"https:\/\/primachamp.at\/wp-content\/uploads\/2022\/01\/WBM-560x560-1-150x150.jpg\" alt=\"white button mushroom\" width=\"150\" height=\"150\" srcset=\"https:\/\/primachamp.at\/wp-content\/uploads\/2022\/01\/WBM-560x560-1-150x150.jpg 150w, https:\/\/primachamp.at\/wp-content\/uploads\/2022\/01\/WBM-560x560-1-300x300.jpg 300w, https:\/\/primachamp.at\/wp-content\/uploads\/2022\/01\/WBM-560x560-1.jpg 560w\" sizes=\"auto, (max-width: 150px) 100vw, 150px\" \/><\/p>\n<p>&nbsp;<\/p>\n<p>&nbsp;<\/p>\n<p>&nbsp;<\/p>\n<p>&nbsp;<\/p>\n<p>&nbsp;<\/p>\n<p><strong>Wei\u00dfer Champignon<br \/>\n<\/strong>Der \u201eklassische\u201c Champignon. Mit viel Liebe gez\u00fcchtet und per Hand geerntet bieten wir ihn in bio- als auch konventioneller Top-Qualit\u00e4t t\u00e4glich frisch an. Er eignet sich f\u00fcr eine breite Palette an Gerichten.<\/p>\n<p>&nbsp;<\/p>\n<p><img loading=\"lazy\" decoding=\"async\" class=\"alignleft size-thumbnail wp-image-178\" src=\"https:\/\/primachamp.at\/wp-content\/uploads\/2022\/01\/CM-560-150x150.jpg\" alt=\"chestnut mushroom\" width=\"150\" height=\"150\" srcset=\"https:\/\/primachamp.at\/wp-content\/uploads\/2022\/01\/CM-560-150x150.jpg 150w, https:\/\/primachamp.at\/wp-content\/uploads\/2022\/01\/CM-560-300x300.jpg 300w, https:\/\/primachamp.at\/wp-content\/uploads\/2022\/01\/CM-560.jpg 560w\" sizes=\"auto, (max-width: 150px) 100vw, 150px\" \/><\/p>\n<p>&nbsp;<\/p>\n<p>&nbsp;<\/p>\n<p>&nbsp;<\/p>\n<p>&nbsp;<\/p>\n<p>&nbsp;<\/p>\n<p><strong>Der braune &#8222;Creme&#8220;-Champignon<br \/>\n<\/strong>Er ist einzigartig reich an Aromen, er ist auch von seinem Geschmack bestens f\u00fcr den Rohverzehr geeignet.<\/p>\n<p>&nbsp;<\/p>\n<p><img loading=\"lazy\" decoding=\"async\" class=\"wp-image-173 size-thumbnail alignleft\" src=\"https:\/\/primachamp.at\/wp-content\/uploads\/2022\/01\/Portobello-560-150x150.jpg\" alt=\"Portobello\" width=\"150\" height=\"150\" srcset=\"https:\/\/primachamp.at\/wp-content\/uploads\/2022\/01\/Portobello-560-150x150.jpg 150w, https:\/\/primachamp.at\/wp-content\/uploads\/2022\/01\/Portobello-560-300x300.jpg 300w, https:\/\/primachamp.at\/wp-content\/uploads\/2022\/01\/Portobello-560.jpg 560w\" sizes=\"auto, (max-width: 150px) 100vw, 150px\" \/><\/p>\n<p>&nbsp;<\/p>\n<p>&nbsp;<\/p>\n<p>&nbsp;<\/p>\n<p>&nbsp;<\/p>\n<p>&nbsp;<\/p>\n<p><strong>Portobello<br \/>\n<\/strong>Beim Portobello (8-11 cm Hutdurchmesser) handelt es sich um einen reifen braunen Champignon. Aufgrund seiner fleischigen Textur ist er eine gro\u00dfartige und gesunde Fleischalternative f\u00fcr Vegane, aber auch f\u00fcr Fleischliebhaber bietet er eine breite Einsatzpalette. Zudem ist er der perfekte Grillpilz.<\/p>\n<p>&nbsp;<\/p>\n<p><img loading=\"lazy\" decoding=\"async\" class=\"alignleft size-thumbnail wp-image-172\" src=\"https:\/\/primachamp.at\/wp-content\/uploads\/2022\/01\/OM-560-150x150.jpg\" alt=\"oyster mushroom\" width=\"150\" height=\"150\" srcset=\"https:\/\/primachamp.at\/wp-content\/uploads\/2022\/01\/OM-560-150x150.jpg 150w, https:\/\/primachamp.at\/wp-content\/uploads\/2022\/01\/OM-560-300x300.jpg 300w, https:\/\/primachamp.at\/wp-content\/uploads\/2022\/01\/OM-560.jpg 560w\" sizes=\"auto, (max-width: 150px) 100vw, 150px\" \/><\/p>\n<p>&nbsp;<\/p>\n<p>&nbsp;<\/p>\n<p>&nbsp;<\/p>\n<p>&nbsp;<\/p>\n<p>&nbsp;<\/p>\n<p><strong>Austernpilz<br \/>\n<\/strong>Er verf\u00fcgt \u00fcber pfeffer- und anis\u00e4hnlichen Geschmack. Es passt gut zu gegrilltem Fleisch, Pizza und Pasta, da sein Gehalt an essentiellen Aminos\u00e4uren sehr reich ist, ist er ideal z. B. als veganes \u201eFaschiertes\u201c.<\/p>\n<p>&nbsp;<\/p>\n<p><strong><img loading=\"lazy\" decoding=\"async\" class=\"alignleft size-thumbnail wp-image-175\" src=\"https:\/\/primachamp.at\/wp-content\/uploads\/2022\/01\/ST-560-150x150.jpg\" alt=\"shiitake\" width=\"150\" height=\"150\" srcset=\"https:\/\/primachamp.at\/wp-content\/uploads\/2022\/01\/ST-560-150x150.jpg 150w, https:\/\/primachamp.at\/wp-content\/uploads\/2022\/01\/ST-560-300x300.jpg 300w, https:\/\/primachamp.at\/wp-content\/uploads\/2022\/01\/ST-560.jpg 560w\" sizes=\"auto, (max-width: 150px) 100vw, 150px\" \/><\/strong><\/p>\n<p><strong>\u00a0<\/strong><\/p>\n<p>&nbsp;<\/p>\n<p>&nbsp;<\/p>\n<p>&nbsp;<\/p>\n<p>&nbsp;<\/p>\n<p><strong>Shiitake<br \/>\n<\/strong>Der Heilpilz aus Ostasien. Es ist reich an Protein, Kalium, Zink, Leucin und Lysin-Aminos\u00e4uren.<\/p>\n<p>&nbsp;<\/p>\n<p><img loading=\"lazy\" decoding=\"async\" class=\"alignleft size-thumbnail wp-image-176\" src=\"https:\/\/primachamp.at\/wp-content\/uploads\/2022\/01\/KOM-560-150x150.jpg\" alt=\"king oyster mushroom\" width=\"150\" height=\"150\" srcset=\"https:\/\/primachamp.at\/wp-content\/uploads\/2022\/01\/KOM-560-150x150.jpg 150w, https:\/\/primachamp.at\/wp-content\/uploads\/2022\/01\/KOM-560-300x300.jpg 300w, https:\/\/primachamp.at\/wp-content\/uploads\/2022\/01\/KOM-560.jpg 560w\" sizes=\"auto, (max-width: 150px) 100vw, 150px\" \/><\/p>\n<p>&nbsp;<\/p>\n<p>&nbsp;<\/p>\n<p>&nbsp;<\/p>\n<p>&nbsp;<\/p>\n<p>&nbsp;<\/p>\n<p><strong>Kr\u00e4uterseitling<br \/>\n<\/strong>Aufgrund der fleischigen Textur seines Stiels wird er auch als Pilzsteak oder als \u201evegane Jakobsmuschel\u201c bezeichnet.<\/p>\n<p>&nbsp;<\/p>\n<h3 style=\"text-align: center;\"><strong>Mehr \u00fcber Gerichte finden Sie <a href=\"https:\/\/primachamp.com\/de\/rezepturen\/\" target=\"_blank\" rel=\"noopener\"><em>hier<\/em><\/a>!<\/strong><\/h3>\n","protected":false},"excerpt":{"rendered":"<p>&nbsp; &nbsp; &nbsp; &nbsp; &nbsp; Wei\u00dfer Champignon Der \u201eklassische\u201c Champignon. Mit viel Liebe gez\u00fcchtet und per Hand geerntet bieten wir ihn in bio- als auch konventioneller Top-Qualit\u00e4t t\u00e4glich frisch an. Er eignet sich f\u00fcr eine breite Palette an Gerichten. &nbsp; &nbsp; &nbsp; &nbsp; &nbsp; &nbsp; Der braune &#8222;Creme&#8220;-Champignon Er ist einzigartig reich an Aromen, erContinue reading &rarr;<\/p>\n","protected":false},"author":1,"featured_media":0,"parent":0,"menu_order":0,"comment_status":"closed","ping_status":"closed","template":"","meta":{"footnotes":""},"class_list":["post-56","page","type-page","status-publish","hentry","no-thumb"],"_links":{"self":[{"href":"https:\/\/primachamp.at\/de\/wp-json\/wp\/v2\/pages\/56","targetHints":{"allow":["GET"]}}],"collection":[{"href":"https:\/\/primachamp.at\/de\/wp-json\/wp\/v2\/pages"}],"about":[{"href":"https:\/\/primachamp.at\/de\/wp-json\/wp\/v2\/types\/page"}],"author":[{"embeddable":true,"href":"https:\/\/primachamp.at\/de\/wp-json\/wp\/v2\/users\/1"}],"replies":[{"embeddable":true,"href":"https:\/\/primachamp.at\/de\/wp-json\/wp\/v2\/comments?post=56"}],"version-history":[{"count":14,"href":"https:\/\/primachamp.at\/de\/wp-json\/wp\/v2\/pages\/56\/revisions"}],"predecessor-version":[{"id":182,"href":"https:\/\/primachamp.at\/de\/wp-json\/wp\/v2\/pages\/56\/revisions\/182"}],"wp:attachment":[{"href":"https:\/\/primachamp.at\/de\/wp-json\/wp\/v2\/media?parent=56"}],"curies":[{"name":"wp","href":"https:\/\/api.w.org\/{rel}","templated":true}]}}