{"id":53,"date":"2021-08-17T12:45:53","date_gmt":"2021-08-17T12:45:53","guid":{"rendered":"https:\/\/primachamp.at\/?page_id=53"},"modified":"2022-01-05T09:02:30","modified_gmt":"2022-01-05T09:02:30","slug":"about-us","status":"publish","type":"page","link":"https:\/\/primachamp.at\/de\/about-us\/","title":{"rendered":"\u00dcber uns"},"content":{"rendered":"<p><img loading=\"lazy\" decoding=\"async\" class=\"alignright wp-image-159 size-medium\" src=\"https:\/\/primachamp.at\/wp-content\/uploads\/2021\/08\/fresh-mushrooms-fill-the-frame-300x200.jpg\" alt=\"fresh-mushrooms\" width=\"300\" height=\"200\" srcset=\"https:\/\/primachamp.at\/wp-content\/uploads\/2021\/08\/fresh-mushrooms-fill-the-frame-300x200.jpg 300w, https:\/\/primachamp.at\/wp-content\/uploads\/2021\/08\/fresh-mushrooms-fill-the-frame-272x182.jpg 272w, https:\/\/primachamp.at\/wp-content\/uploads\/2021\/08\/fresh-mushrooms-fill-the-frame.jpg 450w\" sizes=\"auto, (max-width: 300px) 100vw, 300px\" \/>Die PrimaChamp GmbH ist der \u00f6sterreichische Spezialist auf dem Gebiet der Speisepilze. Pilze sind unsere Leidenschaft und wir freuen uns, diese mit Ihnen zu teilen. Wir sind der Experte f\u00fcr Gro\u00df- und Einzelhandel, f\u00fcr bio- als auch konventionelle Produktion. Unser Unternehmen ist auf Pilzhandel mit Qualit\u00e4tspilzen aus regionaler Produktion spezialisiert und wir k\u00f6nnen unseren Kunden eine umfassende Produkt-Palette anbieten:<\/p>\n<ul>\n<li>weisse und braune Bio-Champignons<\/li>\n<li>konventionelle Champignons<\/li>\n<li>Portobello-Grill-Pilze<\/li>\n<li>Austernpilze<\/li>\n<li>Shiitake Pilze<\/li>\n<li>Kr\u00e4uterseitlinge<\/li>\n<\/ul>\n<p><strong>Mehr \u00fcber unsere Produktion erfahren Sie <a href=\"https:\/\/primachamp.at\/de\/our-products\/\"><em>hier<\/em><\/a>.<\/strong><\/p>\n","protected":false},"excerpt":{"rendered":"<p>Die PrimaChamp GmbH ist der \u00f6sterreichische Spezialist auf dem Gebiet der Speisepilze. Pilze sind unsere Leidenschaft und wir freuen uns, diese mit Ihnen zu teilen. Wir sind der Experte f\u00fcr Gro\u00df- und Einzelhandel, f\u00fcr bio- als auch konventionelle Produktion. Unser Unternehmen ist auf Pilzhandel mit Qualit\u00e4tspilzen aus regionaler Produktion spezialisiert und wir k\u00f6nnen unseren KundenContinue reading &rarr;<\/p>\n","protected":false},"author":1,"featured_media":0,"parent":0,"menu_order":0,"comment_status":"closed","ping_status":"closed","template":"","meta":{"footnotes":""},"class_list":["post-53","page","type-page","status-publish","hentry","no-thumb"],"_links":{"self":[{"href":"https:\/\/primachamp.at\/de\/wp-json\/wp\/v2\/pages\/53","targetHints":{"allow":["GET"]}}],"collection":[{"href":"https:\/\/primachamp.at\/de\/wp-json\/wp\/v2\/pages"}],"about":[{"href":"https:\/\/primachamp.at\/de\/wp-json\/wp\/v2\/types\/page"}],"author":[{"embeddable":true,"href":"https:\/\/primachamp.at\/de\/wp-json\/wp\/v2\/users\/1"}],"replies":[{"embeddable":true,"href":"https:\/\/primachamp.at\/de\/wp-json\/wp\/v2\/comments?post=53"}],"version-history":[{"count":8,"href":"https:\/\/primachamp.at\/de\/wp-json\/wp\/v2\/pages\/53\/revisions"}],"predecessor-version":[{"id":171,"href":"https:\/\/primachamp.at\/de\/wp-json\/wp\/v2\/pages\/53\/revisions\/171"}],"wp:attachment":[{"href":"https:\/\/primachamp.at\/de\/wp-json\/wp\/v2\/media?parent=53"}],"curies":[{"name":"wp","href":"https:\/\/api.w.org\/{rel}","templated":true}]}}